{"id":698,"date":"2018-12-18T16:48:42","date_gmt":"2018-12-18T15:48:42","guid":{"rendered":"https:\/\/www.pierredeplan.com\/contrat-serenite\/"},"modified":"2019-04-16T10:59:28","modified_gmt":"2019-04-16T08:59:28","slug":"contrat-serenite","status":"publish","type":"page","link":"https:\/\/www.pierredeplan.com\/en\/contrat-serenite\/","title":{"rendered":"OUR CONTRAT S\u00c9R\u00c9NIT\u00c9"},"content":{"rendered":"\n<br>\n\n\n\n<div class=\"wp-block-columns has-2-columns is-layout-flex wp-container-core-columns-is-layout-1 wp-block-columns-is-layout-flex\">\n<div class=\"wp-block-column is-layout-flow wp-block-column-is-layout-flow\">\n<p><\/p>\n<\/div>\n\n\n\n<div class=\"wp-block-column is-layout-flow wp-block-column-is-layout-flow\">\n<p><\/p>\n<\/div>\n<\/div>\n\n\n\n<br>\n\n\n\n<div class=\"wp-block-columns has-2-columns is-layout-flex wp-container-core-columns-is-layout-2 wp-block-columns-is-layout-flex\">\n<div class=\"wp-block-column is-layout-flow wp-block-column-is-layout-flow\">\n<p><\/p>\n<\/div>\n\n\n\n<div class=\"wp-block-column is-layout-flow wp-block-column-is-layout-flow\">\n<p><\/p>\n<\/div>\n<\/div>\n\n\n\n<div class=\"wp-block-columns has-3-columns is-layout-flex wp-container-core-columns-is-layout-3 wp-block-columns-is-layout-flex\">\n<div class=\"wp-block-column is-layout-flow wp-block-column-is-layout-flow\">\n<p>UNEQUALLED&nbsp;WARRANTY<\/p>\n\n\n\n<p>We offer you a free warranty for your countertop, for all the materials, for 10 years. It protects you against any hidden effect. Such Contrat S\u00e9r\u00e9nit\u00e9 is unique on the market.<br><\/p>\n<\/div>\n\n\n\n<div class=\"wp-block-column is-layout-flow wp-block-column-is-layout-flow\">\n<p>YOUR COUNTERTOP\u2019S ID<\/p>\n\n\n\n<p>Your worktop has a unique number that identifies it as an original Pierredeplan creation. You will receive this ID card once you have activated the warranty on the website.<\/p>\n<\/div>\n\n\n\n<div class=\"wp-block-column is-layout-flow wp-block-column-is-layout-flow\">\n<p>DON&#8217;T FORGET TO ACTIVATE IT!<\/p>\n\n\n\n<p>You need to register your product on the website within 30 days after the installation to be covered. To do so, grab the number on the envelope you received with it to fill in the form below.<br><\/p>\n\n\n\n<p>Before you register it, make sure you have read the caring instructions leaflet in order to be able to benefit from the warranty.<br><\/p>\n\n\n\n<br>\n<\/div>\n<\/div>\n\n\n\n<h3 class=\"wp-block-heading\" style=\"text-align:center\"><strong><a href=\"http:\/\/www.pierredeplan.com\/images\/stories\/groupe\/contrat-serenite.pdf\">Read the conditions<\/a><\/strong><\/h3>\n","protected":false},"excerpt":{"rendered":"<p>UNEQUALLED&nbsp;WARRANTY We offer you a free warranty for your countertop, for all the materials, for 10 years. It protects you against any hidden effect. Such Contrat S\u00e9r\u00e9nit\u00e9 is unique on the market. YOUR COUNTERTOP\u2019S ID Your worktop has a unique number that identifies it as an original Pierredeplan creation. You will receive this ID card [&hellip;]<\/p>\n","protected":false},"author":1,"featured_media":1255,"parent":0,"menu_order":0,"comment_status":"closed","ping_status":"closed","template":"t-contrat.php","meta":{"_acf_changed":false,"footnotes":""},"class_list":["post-698","page","type-page","status-publish","has-post-thumbnail","hentry"],"acf":[],"_links":{"self":[{"href":"https:\/\/www.pierredeplan.com\/en\/wp-json\/wp\/v2\/pages\/698","targetHints":{"allow":["GET"]}}],"collection":[{"href":"https:\/\/www.pierredeplan.com\/en\/wp-json\/wp\/v2\/pages"}],"about":[{"href":"https:\/\/www.pierredeplan.com\/en\/wp-json\/wp\/v2\/types\/page"}],"author":[{"embeddable":true,"href":"https:\/\/www.pierredeplan.com\/en\/wp-json\/wp\/v2\/users\/1"}],"replies":[{"embeddable":true,"href":"https:\/\/www.pierredeplan.com\/en\/wp-json\/wp\/v2\/comments?post=698"}],"version-history":[{"count":33,"href":"https:\/\/www.pierredeplan.com\/en\/wp-json\/wp\/v2\/pages\/698\/revisions"}],"predecessor-version":[{"id":4160,"href":"https:\/\/www.pierredeplan.com\/en\/wp-json\/wp\/v2\/pages\/698\/revisions\/4160"}],"wp:featuredmedia":[{"embeddable":true,"href":"https:\/\/www.pierredeplan.com\/en\/wp-json\/wp\/v2\/media\/1255"}],"wp:attachment":[{"href":"https:\/\/www.pierredeplan.com\/en\/wp-json\/wp\/v2\/media?parent=698"}],"curies":[{"name":"wp","href":"https:\/\/api.w.org\/{rel}","templated":true}]}}